{"id":251,"date":"2025-04-14T09:03:04","date_gmt":"2025-04-14T06:03:04","guid":{"rendered":"https:\/\/sacanlar.com\/?page_id=251"},"modified":"2025-04-14T09:11:08","modified_gmt":"2025-04-14T06:11:08","slug":"sacanlar-data-protection-disclosure-statement","status":"publish","type":"page","link":"https:\/\/sacanlar.com\/tr\/sacanlar-data-protection-disclosure-statement\/","title":{"rendered":"SA\u00c7ANLAR &#8211; Data Protection Disclosure Statement"},"content":{"rendered":"<div data-elementor-type=\"wp-page\" data-elementor-id=\"251\" class=\"elementor elementor-251\" data-elementor-post-type=\"page\">\n\t\t\t\t<div class=\"elementor-element elementor-element-87310ff e-flex e-con-boxed e-con e-parent\" data-id=\"87310ff\" data-element_type=\"container\">\n\t\t\t\t\t<div class=\"e-con-inner\">\n\t\t\t\t<div class=\"elementor-element elementor-element-00d5a11 elementor-widget elementor-widget-text-editor\" data-id=\"00d5a11\" data-element_type=\"widget\" data-widget_type=\"text-editor.default\">\n\t\t\t\t<div class=\"elementor-widget-container\">\n\t\t\t\t\t\t\t\t\t<h4>SA\u00c7ANLAR Merkezi Ki\u015fisel Verilerin Korunmas\u0131 Hakk\u0131nda Ayd\u0131nlatma Metni<\/h4><p>SA\u00c7ANLAR\u2019ne (i\u015fbu bilgilendirme metni i\u00e7erisinde bundan sonra SA\u00c7ANLAR olarak an\u0131lacakt\u0131r.) aktar\u0131lan ki\u015fisel verilerin 6698 say\u0131l\u0131 Ki\u015fisel Verilerin Korunmas\u0131 Kanunu (\u201cKVKK\u201d) kapsam\u0131nda, hangi y\u00f6ntem ve usuller kullan\u0131larak korunabilece\u011fine ve i\u015flenebilece\u011fine ili\u015fkin taraf\u0131m\u0131zca haz\u0131rlanan ayd\u0131nlatma metni a\u015fa\u011f\u0131da sunulmu\u015ftur. \u0130\u015fbu metin haz\u0131rlan\u0131rken 6698 say\u0131l\u0131 Ki\u015fisel Verilerin Korunmas\u0131 Kanunu (\u201cKVKK\u201d) yasal dayanak olarak dikkate al\u0131nm\u0131\u015ft\u0131r. SA\u00c7ANLAR, i\u015fbu ayd\u0131nlatma metnini payla\u015farak ayn\u0131 zamanda 6698 say\u0131l\u0131 Ki\u015fisel Verilerin Korunmas\u0131 Kanunu (\u201cKVKK\u201d) m.10\u2019dan do\u011fan ayd\u0131nlatma y\u00fck\u00fcml\u00fcl\u00fc\u011f\u00fcn\u00fc de yerine getirmi\u015f bulunmaktad\u0131r. Taraf\u0131m\u0131zca yay\u0131nlanm\u0131\u015f olan \u201cKi\u015fisel Verilerin Korunmas\u0131 Hakk\u0131nda Ayd\u0131nlatma\u201d metninin yasal mevzuatta de\u011fi\u015fiklik yap\u0131lmas\u0131 halinde g\u00fcncellemeye tabii olaca\u011f\u0131n\u0131 da ayr\u0131ca belirtmek isteriz.<\/p><h4>Tan\u0131mlar<\/h4><ul><li><strong>Ki\u015fisel Veri:<\/strong> Kimli\u011fi belirli veya belirlenebilir ger\u00e7ek ki\u015fiye ili\u015fkin her t\u00fcrl\u00fc bilgiyi,<\/li><li><strong>Ki\u015fisel Verilerin \u0130\u015flenmesi:<\/strong> Ki\u015fisel verilerin elde edilmesi, kaydedilmesi, depolanmas\u0131, muhafaza edilmesi, de\u011fi\u015ftirilmesi, yeniden d\u00fczenlenmesi, a\u00e7\u0131klanmas\u0131, aktar\u0131lmas\u0131, devredilmesi, elde edilebilir hale getirilmesi, s\u0131n\u0131fland\u0131r\u0131lmas\u0131, kullan\u0131lmas\u0131n\u0131n engellenmesi d\u00e2hil olmak \u00fczere topland\u0131ktan sonra silme, yok etme ya da anonim hale getirmeye kadar ge\u00e7en s\u00fcre\u00e7te yap\u0131lan her t\u00fcrl\u00fc faaliyeti,<\/li><li><strong>Ki\u015fisel Verilerin Korunmas\u0131 Kanunu (KVKK):<\/strong> 6698 say\u0131l\u0131 Ki\u015fisel Verilerin Korunmas\u0131 Kanunu\u2019nu,<\/li><li><strong>Veri Sorumlusu:<\/strong> Ki\u015fisel verilerin i\u015fleme ama\u00e7lar\u0131n\u0131 ve vas\u0131talar\u0131n\u0131 belirleyen, veri kay\u0131t sisteminin kurulmas\u0131ndan ve y\u00f6netilmesinden sorumlu olan ger\u00e7ek veya t\u00fczel ki\u015fiyi,<\/li><li><strong>Veri Sahibi:<\/strong> Ki\u015fisel verisi i\u015flenen ger\u00e7ek ki\u015fiyi ifade eder.<\/li><\/ul><h4>Ki\u015fisel Verilerin \u0130\u015flenmesine H\u00e2kim Olan \u0130lkeler ve \u0130\u015flenebilecek Veri T\u00fcrleri<\/h4><p>\u015eirketimiz gizlili\u011fin korunmas\u0131 i\u00e7in gereken tedbirler al\u0131nmak ve ki\u015fisel verilerin i\u015flenmesine dair t\u00fcm yasal ilkelere uygun olmak \u00fczere; ki\u015fisel verileri, a\u015fa\u011f\u0131da say\u0131lan ilkelere uygun olarak i\u015flemektedir:<\/p><ul><li>Hukuka ve d\u00fcr\u00fcstl\u00fck kurallar\u0131na uygun olma,<\/li><li>Do\u011fru ve gerekti\u011finde g\u00fcncel olma,<\/li><li>Belirli, a\u00e7\u0131k ve me\u015fru ama\u00e7lar i\u00e7in i\u015flenme,<\/li><li>\u0130\u015flendikleri ama\u00e7la ba\u011flant\u0131l\u0131, s\u0131n\u0131rl\u0131 ve \u00f6l\u00e7\u00fcl\u00fc olma,<\/li><li>\u0130lgili mevzuatta \u00f6ng\u00f6r\u00fclen veya i\u015flendikleri ama\u00e7 i\u00e7in gerekli olan s\u00fcre kadar muhafaza edilme.<\/li><\/ul><p>\u015eirketimiz taraf\u0131ndan, ilgili mevzuatta yer alan esaslar do\u011frultusunda, Veri Sahibi ile \u015eirketimiz aras\u0131ndaki ili\u015fki t\u00fcr\u00fc ve niteli\u011fine g\u00f6re a\u015fa\u011f\u0131da belirtilen t\u00fcrde veriler i\u015flenebilmektedir:<\/p><ul><li>Ad, soyad, unvan, vergi m\u00fckellefiyeti durumu ve varsa veli, vasi ve vekile ili\u015fkin bilgiler gibi veri sahibini tan\u0131maya y\u00f6nelik veriler,<\/li><li>Ev, i\u015f yeri veya ge\u00e7ici ikamet yerine ait adres, telefon, elektronik posta ve faks numaras\u0131 gibi ileti\u015fim bilgileri<\/li><li>Foto\u011fraf, Video ve Ses Kayd\u0131<\/li><li>Kurumsal e-posta yaz\u0131\u015fmalar\u0131, Kurumsal telefon kay\u0131tlar\u0131<\/li><li>Kullan\u0131c\u0131 eri\u015fim loglar\u0131, \u0130nternet eri\u015fim loglar\u0131<\/li><li>Kamera g\u00f6r\u00fcnt\u00fcleri ve giri\u015f- \u00e7\u0131k\u0131\u015f kay\u0131tlar\u0131, Manyetik Kart Bilgileri<\/li><li>\u00c7evrimi\u00e7i hizmetlerimizdeki kullan\u0131c\u0131 hesab\u0131 verileri ve kullan\u0131m ge\u00e7mi\u015fi<\/li><li>Toplant\u0131 Kay\u0131tlar\u0131, Raporlar, Denetim G\u00f6r\u00fc\u015fmeleri<\/li><\/ul><p><strong>Not:<\/strong> Kredi kart\u0131, bankamatik ve sanal kart bilgileri ise taraf\u0131m\u0131zca i\u015flenmemektedir.<\/p><h4>Ki\u015fisel Verilerin Toplanma Y\u00f6ntemi ve Hukuki Sebebi<\/h4><p class=\"translation-block\">Ki\u015fisel veriler, <a href=\"https:\/\/sacanlar.com\/tr\/\" target=\"_self\">www.sacanlar.com<\/a> web sitesi \u00fczerinden mail ve \u00fcyelik formu dolduranlardan elektronik ortamda toplanmaktad\u0131r.\n\nKi\u015fisel verileriniz; SA\u00c7ANLAR faaliyetleri kapsam\u0131nda daha iyi hizmet verilmesi amac\u0131yla toplanmaktad\u0131r. Ki\u015fisel verileriniz, KVKK\u2019n\u0131n 5. ve 6. maddelerinde belirtilen ki\u015fisel veri i\u015fleme \u015fartlar\u0131 ve ama\u00e7lar\u0131 kapsam\u0131nda, Ki\u015fisel Verilerin Korunmas\u0131 Kurumu taraf\u0131ndan \u00f6ng\u00f6r\u00fclen temel ilkelere uygun olarak, i\u015fbu Ayd\u0131nlatma Metni\u2019nde belirtilen ama\u00e7larla i\u015flenebilmektedir.<\/p><h4>Ki\u015fisel Verilerin \u0130\u015flenme Amac\u0131<\/h4><p>SA\u00c7ANLAR   taraf\u0131ndan i\u015flenen ki\u015fisel verileriniz (ad, soyad, e-posta adresi, cep telefonu numaras\u0131, kurum adresi, kurumsal telefon numaras\u0131, ba\u015fvuru nedeni, i\u015f ba\u015fvurusu nedeni) gerek mevzuat gerekse Ki\u015fisel Verilerin Korunmas\u0131 Kurumu taraf\u0131ndan belirlenen temel ilkelere uygun olarak i\u015flenmektedir. Ki\u015fisel verileri i\u015fleme ama\u00e7lar\u0131m\u0131z:<\/p><ul><li>SA\u00c7ANLAR faaliyetleri kapsam\u0131nda haberler, faaliyetler, duyurular hakk\u0131nda e-b\u00fclten g\u00f6ndermek, her t\u00fcrl\u00fc toplant\u0131, panel, oturum, konferans, a\u00e7\u0131l\u0131\u015f, davet gibi etkinlikleri bildirmek,<\/li><li><a href=\"https:\/\/sacanlar.com\/tr\/\" target=\"_self\">sacanlar.com<\/a> web sitesi \u00fczerinde personel, i\u015fveren, yat\u0131r\u0131mc\u0131 olarak farkl\u0131 kullan\u0131c\u0131 tiplerinde ba\u015fvurular\u0131n toplanmas\u0131,<\/li><li><a href=\"https:\/\/sacanlar.com\/tr\/\" target=\"_self\">sacanlar.com<\/a> web sitesi \u00fczerinde yer alan SA\u00c7ANLAR ileti\u015fim bilgileri arac\u0131l\u0131\u011f\u0131 ile personel, i\u015fveren, yat\u0131r\u0131mc\u0131 kullan\u0131c\u0131 tipine sahip olan ki\u015filerin ihtiya\u00e7\/ sorun tan\u0131mlamas\u0131 yapmas\u0131, belge y\u00fcklemesi,<\/li><li>T\u00fcm kullan\u0131c\u0131lar\u0131n girilen ihtiya\u00e7\/ sorun tan\u0131mlamas\u0131n\u0131 SA\u00c7ANLAR arac\u0131l\u0131\u011f\u0131 ile g\u00f6rebilmesi,<\/li><li><a href=\"https:\/\/sacanlar.com\/tr\/\" target=\"_self\">sacanlar.com<\/a> web sitesi \u00fczerinde yer alan SA\u00c7ANLAR ileti\u015fim ara\u00e7lar\u0131 arac\u0131l\u0131\u011f\u0131 ile personel, i\u015fveren, yat\u0131r\u0131mc\u0131 kullan\u0131c\u0131 tipine sahip olan ki\u015filerin ba\u015fka bir kullan\u0131c\u0131 taraf\u0131ndan yap\u0131lan ihtiya\u00e7\/ sorun tan\u0131mlamas\u0131na \u00e7\u00f6z\u00fcm giri\u015fi yapmas\u0131, belge y\u00fcklemesi,<\/li><li>\u0130htiya\u00e7\/ sorun tan\u0131mlamas\u0131 yapan kullan\u0131c\u0131n\u0131n \u00e7\u00f6z\u00fcm giri\u015fi yapan kullan\u0131c\u0131n\u0131n \u00e7\u00f6z\u00fcm \u00f6nerisini g\u00f6rebilmesi, \u00e7\u00f6z\u00fcm \u00f6nerisini kabul etmesi,<\/li><li><a href=\"https:\/\/sacanlar.com\/tr\/\" target=\"_self\">sacanlar.com<\/a> web sitesi \u00fczerinde yer alan SA\u00c7ANLAR ileti\u015fim bilgileri arac\u0131l\u0131\u011f\u0131 ile sorun\/ ihtiya\u00e7 giri\u015fi yapan kullan\u0131c\u0131 ile \u00e7\u00f6z\u00fcm giri\u015fi yapan kullan\u0131c\u0131n\u0131n e\u015fle\u015ftirmek,<\/li><li><a href=\"https:\/\/sacanlar.com\/tr\/\" target=\"_self\">sacanlar.com<\/a> web sitesi \u00fczerinden form doldurulan kullan\u0131c\u0131lar ile s\u00f6zl\u00fc ya da yaz\u0131l\u0131 olarak ileti\u015fime ge\u00e7mek,<\/li><li>Kullan\u0131c\u0131lar ile ileti\u015fimi sa\u011flamak,\nMemnuniyeti ve hizmet kalitesini artt\u0131rmak,\n\u0130statistiki bilgi toplamak ve derlemek,\nHizmetlerimiz sonucunda olu\u015facak belge ve bilgi teslimini yapabilmek,<\/li><li>Anla\u015fma sa\u011flanan kurumlar taraf\u0131ndan kullan\u0131c\u0131lar\u0131m\u0131za y\u00f6nelik \u00f6neri\/teklif, sunabilmek, hizmetlerimizle ilgili kullan\u0131c\u0131lar\u0131m\u0131z\u0131 bilgilendirebilmek,<\/li><li>Hizmetlerimiz ile ilgili \u015fik\u00e2yet ve \u00f6nerileri de\u011ferlendirebilmektir.<\/li><\/ul><h4>Ki\u015fisel Verilenin Saklanmas\u0131<\/h4><p>SA\u00c7ANLAR ile payla\u015f\u0131lan ki\u015fisel veriler, SA\u00c7ANLAR, g\u00f6zetimi ve kontrol\u00fc alt\u0131ndad\u0131r. SA\u00c7ANLAR  taraf\u0131ndan fiziki veya sanal olarak elde edilen bilgi ve verilerin g\u00fcvenli\u011fi i\u00e7in gerekli \u00f6nlemler, bilgi ve verinin mahiyetine g\u00f6re \u015firket veya ilgili kurulu\u015f\u00e7a, sistemlerde veya internet altyap\u0131s\u0131nda, teknolojik imkanlar ve maliyet unsurlar\u0131 dahilinde, uygun teknik ve idari y\u00f6ntemler ile saklanmaktad\u0131r.<\/p><h4>Ki\u015fisel Verilerin Payla\u015f\u0131m\u0131 ve Hangi Ama\u00e7larla Payla\u015f\u0131laca\u011f\u0131<\/h4><p>SA\u00c7ANLAR KVKK\u2019n\u0131n 8. ve 9. maddeleri \u00e7er\u00e7evesinde; SA\u00c7ANLAR   taraf\u0131ndan y\u00fcr\u00fct\u00fclen faaliyetlere ili\u015fkin olarak i\u015fbu Ayd\u0131nlatma Metninde belirtilen ki\u015fisel veri i\u015fleme ama\u00e7lar\u0131n\u0131n ger\u00e7ekle\u015ftirilmesinin sa\u011flanmas\u0131 amac\u0131yla ki\u015fisel verilerinizi payla\u015fabilmektedir.<\/p><ul><li>Ki\u015fisel verileriniz (ad, soyad, e-posta adresi, cep telefonu numaras\u0131, kurum adresi, kurumsal telefon numaras\u0131, ba\u015fvuru nedeni, \u00fcyelik tipi) SA\u00c7ANLAR ileti\u015fim arac\u0131l\u0131\u011f\u0131 ile ihtiya\u00e7\/ sorun tan\u0131mlamas\u0131 yapan kullan\u0131c\u0131 ile \u00e7\u00f6z\u00fcm \u00f6nerisi getiren kullan\u0131c\u0131 aras\u0131nda e\u015fle\u015fme sa\u011fland\u0131\u011f\u0131 durumda taraflara aktar\u0131labilecektir.<\/li><li>SA\u00c7ANLAR, ki\u015fisel verilerinizi, gerekli g\u00fcvenlik \u00f6nlemlerini almak kayd\u0131yla T\u00fcrkiye i\u00e7inde veya ki\u015fisel verinin aktar\u0131laca\u011f\u0131 yabanc\u0131 \u00fclkede yeterli koruman\u0131n bulunmas\u0131 kayd\u0131yla; \u015fayet ilgili yabanc\u0131 \u00fclkede yeterli koruma bulunmuyorsa, SA\u00c7ANLAR ve ilgili yabanc\u0131 \u00fclkedeki veri sorumlular\u0131n\u0131n yeterli bir korumay\u0131 yaz\u0131l\u0131 olarak taahh\u00fct etmeleri ve Kurulun izninin bulunmas\u0131 kayd\u0131yla yurt d\u0131\u015f\u0131nda bulunan sunucularda veya di\u011fer elektronik ortamlarda i\u015fleyip saklayabilir.<\/li><li>Ayr\u0131ca verileriniz hukuki ve idari s\u00fcre\u00e7lerin y\u00fcr\u00fct\u00fclmesini sa\u011flamak amac\u0131yla hukuk dan\u0131\u015fmanlar\u0131m\u0131z, mali m\u00fc\u015favirlerimiz, hissedarlar\u0131m\u0131z, i\u015f ortaklar\u0131m\u0131z yurti\u00e7i\/yurtd\u0131\u015f\u0131 i\u015ftiraklerimiz, bankac\u0131l\u0131k faaliyetlerimizi y\u00fcr\u00fctmek \u00fczere hizmet ald\u0131\u011f\u0131m\u0131z, i\u015fbirli\u011fi yapt\u0131\u011f\u0131m\u0131z yurti\u00e7i ve yurtd\u0131\u015f\u0131 kurulu\u015flar, yurti\u00e7i\/yurtd\u0131\u015f\u0131 bankalar, anla\u015fmal\u0131 oldu\u011fumuz m\u00fc\u015fteri\/\u00fcye i\u015fyerleri ve 3. ki\u015filerle payla\u015f\u0131labilecektir.<\/li><li>Banks, contracted business partners, and third parties<\/li><\/ul><p>With sufficient protection measures, your data may be processed or stored on servers located in Turkey or abroad in compliance with KVKK requirements.<\/p><h4>Ki\u015fisel Verilerin Silinmesi<\/h4><p>SA\u00c7ANLAR, ki\u015fisel verilerinizin saklanma s\u00fcrelerini belirlerken y\u00fcr\u00fcrl\u00fckte bulunan mevzuat ve s\u00fcre\u00e7 konusu verilerin i\u015flenme ama\u00e7lar\u0131n\u0131 g\u00f6z \u00f6n\u00fcnde tutarak belirleme yapmaktad\u0131r. KVKK\u2019ya uygun olarak, i\u015fbu Bilgilendirme Metninde belirtilen ama\u00e7larla i\u015flenmi\u015f olan ki\u015fisel verileriniz, KVKK md. 7\/f.1.\u2019e g\u00f6re i\u015flenmesi gerektiren ama\u00e7 ortadan kalkt\u0131\u011f\u0131nda ve\/veya mevzuat uyar\u0131nca verilerinizi i\u015flememiz i\u00e7in zorunlu k\u0131l\u0131nd\u0131\u011f\u0131m\u0131z zamana\u015f\u0131m\u0131 s\u00fcreleri dahil t\u00fcm s\u00fcreler doldu\u011funda, SA\u00c7ANLAR taraf\u0131ndan i\u015fbu veriler kendili\u011finden ya da ilgili ki\u015finin talebi \u00fczerine silinecek, yok edilecek veya anonimle\u015ftirilerek kullan\u0131lmaya devam edilecektir.<\/p><h4>Ki\u015fisel Verilerinizin Do\u011fru Ve G\u00fcncel Olarak Muhafaza Edilmesi<\/h4><p>Ki\u015fisel verilerini \u015firketimizle payla\u015fanlar, bu bilgilerin do\u011fru olmas\u0131n\u0131n ve g\u00fcncel bir \u015fekilde muhafaza edilmesinin, hem 6698 Say\u0131l\u0131 Ki\u015fisel Verilerin Korunmas\u0131 Kanunu anlam\u0131nda ki\u015fisel verileri \u00fczerinde sahip olduklar\u0131 haklar hem de ilgili di\u011fer mevzuat a\u00e7\u0131s\u0131ndan \u00f6nemli oldu\u011funu bildiklerini ve yanl\u0131\u015f bilgi verilmesinde do\u011facak sorumluluklar\u0131n tamamen kendilerine ait olaca\u011f\u0131n\u0131, kabul ve beyan etmi\u015flerdir.<\/p><h4>\u0130stisnai Haller:<\/h4><p>A\u015fa\u011f\u0131da belirtilen s\u0131n\u0131rl\u0131 hallerde SA\u00c7ANLAR kullan\u0131c\u0131lara ait bilgileri \u00fc\u00e7\u00fcnc\u00fc ki\u015filere a\u00e7\u0131klayabilir. Bu durumlar s\u0131n\u0131rl\u0131 say\u0131da olmak \u00fczere;<\/p><ul><li>Kanun, Kanun H\u00fckm\u00fcnde Kararname, Y\u00f6netmelik vb. yetkili hukuki otorite taraf\u0131ndan \u00e7\u0131kar\u0131lan ve y\u00fcr\u00fcrl\u00fckte olan hukuk kurallar\u0131n\u0131n getirdi\u011fi zorunluluklara uymak;<\/li><li>\u015eirketimizin kullan\u0131c\u0131larla akdetti\u011fi kullan\u0131c\u0131, i\u015f S\u00f6zle\u015fmesi\u2019nin ve di\u011fer s\u00f6zle\u015fmelerin gereklerini yerine getirmek ve bunlar\u0131 uygulamaya koymak amac\u0131yla;<\/li><li>Yetkili idari ve adli otorite taraf\u0131ndan usul\u00fcne g\u00f6re y\u00fcr\u00fct\u00fclen bir ara\u015ft\u0131rman\u0131n y\u00fcr\u00fct\u00fcm\u00fc amac\u0131yla kullan\u0131c\u0131larla ilgili bilgi talep edilmesi;<\/li><li>Yetkili idari ve adli otorite taraf\u0131ndan usul\u00fcne g\u00f6re y\u00fcr\u00fct\u00fclen bir soru\u015fturman\u0131n y\u00fcr\u00fct\u00fcm\u00fc amac\u0131yla kullan\u0131c\u0131larla ilgili bilgi talep edilmesi;<\/li><\/ul><h4>Veri Sorumlusuna Ba\u015fvuru Yollar\u0131 ve Haklar\u0131n\u0131z<\/h4><p>Ki\u015fisel verisi i\u015flenen ger\u00e7ek ki\u015filerin KVKK\u2019n\u0131n 11. maddesi uyar\u0131ca sahip oldu\u011fu haklar \u015f\u00f6yledir:<\/p><ul><li>Ki\u015fisel veri i\u015flenip i\u015flenmedi\u011fini \u00f6\u011frenme,<\/li><li>Ki\u015fisel verileri i\u015flenmi\u015fse buna ili\u015fkin bilgi talep etme,<\/li><li>Ki\u015fisel verilerin i\u015flenme amac\u0131n\u0131 ve bunlar\u0131n amac\u0131na uygun kullan\u0131l\u0131p kullan\u0131lmad\u0131\u011f\u0131n\u0131 \u00f6\u011frenme,<\/li><li>Yurt i\u00e7inde veya yurt d\u0131\u015f\u0131nda ki\u015fisel verilerin aktar\u0131ld\u0131\u011f\u0131 \u00fc\u00e7\u00fcnc\u00fc ki\u015fileri bilme,<\/li><li>Ki\u015fisel verilerin eksik veya yanl\u0131\u015f i\u015flenmi\u015f olmas\u0131 h\u00e2linde bunlar\u0131n d\u00fczeltilmesini isteme ve bu kapsamda yap\u0131lan i\u015flemin ki\u015fisel verilerin aktar\u0131ld\u0131\u011f\u0131 \u00fc\u00e7\u00fcnc\u00fc ki\u015filere bildirilmesini isteme,<\/li><li>KVKK ve ilgili di\u011fer kanun h\u00fck\u00fcmlerine uygun olarak i\u015flenmi\u015f olmas\u0131na ra\u011fmen, i\u015flenmesini gerektiren sebeplerin ortadan kalkmas\u0131 h\u00e2linde ki\u015fisel verilerin silinmesini veya yok edilmesini isteme ve bu kapsamda yap\u0131lan i\u015flemin ki\u015fisel verilerin aktar\u0131ld\u0131\u011f\u0131 \u00fc\u00e7\u00fcnc\u00fc ki\u015filere bildirilmesini isteme,<\/li><li>\u0130\u015flenen verilerin m\u00fcnhas\u0131ran otomatik sistemler vas\u0131tas\u0131yla analiz edilmesi suretiyle ki\u015finin kendisi aleyhine bir sonucun ortaya \u00e7\u0131kmas\u0131na itiraz etme,<\/li><li>Ki\u015fisel verilerin kanuna ayk\u0131r\u0131 olarak i\u015flenmesi sebebiyle zarara u\u011framas\u0131 h\u00e2linde zarar\u0131n giderilmesini talep etme.<\/li><\/ul><p>Belirtilmi\u015f olan haklar\u0131n\u0131za ili\u015fkin taleplerinizi Veri Sorumlusuna Ba\u015fvuru Usul ve Esaslar\u0131 Hakk\u0131nda Tebli\u011f uyar\u0131nca taraf\u0131m\u0131za iletebilirsiniz. Bilgi ve ba\u015fvuru taleplerinizi internet sitemizde yer alan ilet\u015fim bilgilerinden veya yaz\u0131l\u0131 olarak SA\u00c7ANLAR\u2019nin \u201cAlsancak Mah. 1483 Sok. No:39\/B Konak,\u0130zmir\u201d adresine elden veya posta yoluyla veya kay\u0131tl\u0131 elektronik posta adresi olan info(et)sacanlar.com adresine iletebilirsiniz.<\/p><p><strong>Adres:<\/strong> Adres: Alsancak Mah. 1483 Sok. No: 39\/B Konak, \u0130zmir<\/p><p class=\"translation-block\">Posta Adresi: info(et)sacanlar.com<\/p><p>Yukar\u0131da s\u0131ralanan haklar\u0131n\u0131za y\u00f6nelik ba\u015fvurular\u0131n\u0131z\u0131 SA\u00c7ANLAR, talebin niteli\u011fine g\u00f6re talebi en k\u0131sa s\u00fcrede ve en ge\u00e7 otuz (30) g\u00fcn i\u00e7inde \u00fccretsiz olarak sonu\u00e7land\u0131racakt\u0131r. Ancak, i\u015flemin ayr\u0131ca bir maliyeti gerektirmesi h\u00e2linde, taraf\u0131m\u0131zca Ki\u015fisel Verileri Koruma Kurulu taraf\u0131ndan belirlenen tarifedeki \u00fccret al\u0131nacakt\u0131r.<\/p><h4>Veri Sorumlusunun Kimli\u011fi<\/h4><ul><li><strong>\u015eirket:<\/strong> SA\u00c7ANLAR<\/li><li><strong>Website:<\/strong> <a href=\"https:\/\/sacanlar.com\/tr\/\">www.sacanlar.com<\/a><\/li><li><strong>Telefon Numaras\u0131:<\/strong> +90 (232) 502 02 04<\/li><li class=\"translation-block\">Posta Adresi: info(et)sacanlar.com<\/li><li><strong>Adres:<\/strong> Adres: Alsancak Mah. 1483 Sok. No: 39\/B Konak, \u0130zmir<\/li><\/ul><p><br \/><br \/><\/p>\t\t\t\t\t\t\t\t<\/div>\n\t\t\t\t<\/div>\n\t\t\t\t\t<\/div>\n\t\t\t\t<\/div>\n\t\t\t\t<\/div>","protected":false},"excerpt":{"rendered":"<p>SA\u00c7ANLAR Central Personal Data Protection Information Notice This information notice has been prepared by SA\u00c7ANLAR (hereinafter referred to as \u201cSA\u00c7ANLAR\u201d) in accordance with the Law on the Protection of Personal Data No. 6698 (\u201cKVKK\u201d), regarding the methods and procedures concerning how personal data transferred to SA\u00c7ANLAR can be processed and protected. This document is prepared [&hellip;]<\/p>","protected":false},"author":1,"featured_media":0,"parent":0,"menu_order":0,"comment_status":"closed","ping_status":"closed","template":"","meta":{"footnotes":""},"class_list":["post-251","page","type-page","status-publish","hentry"],"_links":{"self":[{"href":"https:\/\/sacanlar.com\/tr\/wp-json\/wp\/v2\/pages\/251","targetHints":{"allow":["GET"]}}],"collection":[{"href":"https:\/\/sacanlar.com\/tr\/wp-json\/wp\/v2\/pages"}],"about":[{"href":"https:\/\/sacanlar.com\/tr\/wp-json\/wp\/v2\/types\/page"}],"author":[{"embeddable":true,"href":"https:\/\/sacanlar.com\/tr\/wp-json\/wp\/v2\/users\/1"}],"replies":[{"embeddable":true,"href":"https:\/\/sacanlar.com\/tr\/wp-json\/wp\/v2\/comments?post=251"}],"version-history":[{"count":7,"href":"https:\/\/sacanlar.com\/tr\/wp-json\/wp\/v2\/pages\/251\/revisions"}],"predecessor-version":[{"id":279,"href":"https:\/\/sacanlar.com\/tr\/wp-json\/wp\/v2\/pages\/251\/revisions\/279"}],"wp:attachment":[{"href":"https:\/\/sacanlar.com\/tr\/wp-json\/wp\/v2\/media?parent=251"}],"curies":[{"name":"wp","href":"https:\/\/api.w.org\/{rel}","templated":true}]}}