{"id":257,"date":"2025-04-14T09:06:58","date_gmt":"2025-04-14T06:06:58","guid":{"rendered":"https:\/\/sacanlar.com\/?page_id=257"},"modified":"2025-04-14T09:10:16","modified_gmt":"2025-04-14T06:10:16","slug":"sacanlar-cookie-policy","status":"publish","type":"page","link":"https:\/\/sacanlar.com\/tr\/sacanlar-cookie-policy\/","title":{"rendered":"SA\u00c7ANLAR Cookie Policy"},"content":{"rendered":"<div data-elementor-type=\"wp-page\" data-elementor-id=\"257\" class=\"elementor elementor-257\" data-elementor-post-type=\"page\">\n\t\t\t\t<div class=\"elementor-element elementor-element-84689b8 e-flex e-con-boxed e-con e-parent\" data-id=\"84689b8\" data-element_type=\"container\">\n\t\t\t\t\t<div class=\"e-con-inner\">\n\t\t\t\t<div class=\"elementor-element elementor-element-2008216 elementor-widget elementor-widget-text-editor\" data-id=\"2008216\" data-element_type=\"widget\" data-widget_type=\"text-editor.default\">\n\t\t\t\t<div class=\"elementor-widget-container\">\n\t\t\t\t\t\t\t\t\t<h4>\u00c7erez Politikas\u0131<\/h4><p>\u00c7erezler, ziyaret etti\u011finiz internet siteleri taraf\u0131ndan taray\u0131c\u0131lar arac\u0131l\u0131\u011f\u0131yla cihaz\u0131n\u0131za veya a\u011f sunucusuna depolanan k\u00fc\u00e7\u00fck metin dosyalar\u0131d\u0131r. SA\u00c7ANLAR, sistem tecr\u00fcbesini art\u0131rmak ve daha performansl\u0131 bir kullan\u0131m sunmak amac\u0131yla Cookie-\u00c7erez isimli k\u00fc\u00e7\u00fck metin par\u00e7ac\u0131klar\u0131n\u0131 kullanabilir.<\/p><p>Cookie kullan\u0131c\u0131n\u0131n sabit diskinde saklanan ve kullan\u0131c\u0131 ile ilgili bilgi ta\u015f\u0131yan dosyad\u0131r. \u00c7erezler, bir internet sitesi hakk\u0131nda durum ve tercihleri saklayarak internetin kullan\u0131m\u0131n\u0131 kolayla\u015ft\u0131r\u0131r. Ayr\u0131ca, kullan\u0131c\u0131 hakk\u0131nda istatiksel bilgi edinmeye ve i\u00e7erik \u00fcretilmesine yard\u0131mc\u0131 olurlar. Teknik ileti\u015fim dosyas\u0131, web sitesini ka\u00e7 ki\u015finin kulland\u0131\u011f\u0131n\u0131, hangi ama\u00e7la, ka\u00e7 kez ziyaret etti\u011fini ve ne kadar kald\u0131\u011f\u0131 hakk\u0131nda istatistiksel bilgileri elde etmek ve kullan\u0131c\u0131lar\/\u00fcyeler i\u00e7in \u00f6zel tasarlanm\u0131\u015f sayfalar\u0131ndan dinamik olarak reklam ve i\u00e7erik \u00fcretilmesine yard\u0131mc\u0131 olur. \u00c7erezler, ana bellekten veya e-postas\u0131ndan veri veya ba\u015fkaca herhangi bir ki\u015fisel bilgi almak i\u00e7in tasarlanmam\u0131\u015ft\u0131r. Taray\u0131c\u0131lar\u0131n pek \u00e7o\u011fu ba\u015fta teknik ileti\u015fim dosyas\u0131n\u0131 kabul eder bi\u00e7imde tasarlanm\u0131\u015ft\u0131r; ancak  teknik ileti\u015fim dosyas\u0131n\u0131n gelmemesi veya teknik ileti\u015fim dosyas\u0131n\u0131n g\u00f6nderildi\u011finde uyar\u0131 verilmesini sa\u011flayacak bi\u00e7imde ayarlar\u0131 de\u011fi\u015ftirebilirsiniz.<\/p><h4>Hangi \u00c7erezleri Kullan\u0131yoruz?<\/h4><h3>Ge\u00e7ici \u00c7erezler:<\/h3><p>Oturum \u00e7erezleri, ziyaretiniz s\u00fcresince internet sitesinin d\u00fczg\u00fcn bir \u015fekilde \u00e7al\u0131\u015fmas\u0131n\u0131 sa\u011flamaktad\u0131r. Sitelerimizin ve sizin, ziyaretinizde g\u00fcvenli\u011fini, s\u00fcreklili\u011fini sa\u011flamak gibi ama\u00e7larla kullan\u0131l\u0131rlar. Oturum \u00e7erezleri ge\u00e7ici \u00e7erezlerdir, siz taray\u0131c\u0131n\u0131z\u0131 kapat\u0131p sitemize tekrar geldi\u011finizde silinir, kal\u0131c\u0131 de\u011fillerdir.<\/p><h3>Kal\u0131c\u0131 \u00c7erezler:<\/h3><p>Bu \u00e7erezler bilgileriniz ve se\u00e7imlerinizin bir sonraki ziyaretinizde internet sitemiz taraf\u0131ndan hat\u0131rlanmas\u0131na yard\u0131mc\u0131 olurlar. Kal\u0131c\u0131 \u00e7erezler, sitemizi ziyaret etti\u011finiz taray\u0131c\u0131n\u0131z\u0131 kapatt\u0131ktan veya bilgisayar\u0131n\u0131z\u0131 yeniden ba\u015flatt\u0131ktan sonra bile sakl\u0131 kal\u0131r. Taray\u0131c\u0131n\u0131z\u0131n ayarlar\u0131ndan silinene kadar bu \u00e7erezler taray\u0131c\u0131n\u0131z\u0131n alt klas\u00f6rlerinde tutulurlar.<\/p><h3>Zorunlu \u00c7erezler:<\/h3><p>Zorunlu \u00c7erezler, internet sitesinin d\u00fczg\u00fcn bir \u015fekilde \u00e7al\u0131\u015fmas\u0131 i\u00e7in gerekli olan \u00e7erezlerdir. Sistemin d\u00fczg\u00fcn bir \u015fekilde y\u00f6netilebilmesi, kullan\u0131c\u0131 hesaplar\u0131n\u0131n olu\u015fturulup kullan\u0131c\u0131lar\u0131n giri\u015f yapabilmesi, sahte i\u015flemlerin \u00f6nlenmesi i\u00e7in zorunlu \u00e7erezler kullan\u0131l\u0131r. Bu \u00e7erezlerin olmamas\u0131 durumunda internet sitesi d\u00fczg\u00fcn \u00e7al\u0131\u015fmaz.<\/p><h3>Reklam \u00c7erezleri:<\/h3><p>Reklam ya da di\u011fer ad\u0131yla Hedefleme \u00e7erezleri, ilgi alan\u0131n\u0131za yak\u0131n olan i\u00e7erikleri tespit etmemizi ve sunmam\u0131z\u0131 sa\u011flayan \u00e7erezlerdir. Sizi tan\u0131yabilmemiz ve size \u00f6zel reklamlar sunabilmek ad\u0131na web sitemize ve mobil sitemize, reklam verdi\u011fimiz di\u011fer web sitelerine \u00fc\u00e7\u00fcnc\u00fc taraf reklam \u00e7erezleri yerle\u015ftirilebilir. Bu \u00e7erezler ayr\u0131ca reklamlar\u0131m\u0131z\u0131n verimlili\u011fini \u00f6l\u00e7mek i\u00e7in kullan\u0131lmaktad\u0131r.<\/p><h3>Tercih \u00c7erezleri:<\/h3><p>Kullan\u0131c\u0131n\u0131n se\u00e7ti\u011fi dili kaydeder ve buna uygun se\u00e7enekler sunar.<\/p><h3>Google Analytics:<\/h3><p>Google Analytics kullan\u0131c\u0131lar\u0131n internet sitesini nas\u0131l kulland\u0131\u011f\u0131n\u0131 analiz eden bir web analiz arac\u0131d\u0131r. Anonim olan bilgilerin yan\u0131 s\u0131ra internet sitesi kullan\u0131m\u0131n\u0131zla ilgili ki\u015fisel veri niteli\u011findeki bilgiler (\u0130sim, adres, telefon numaras\u0131, e-mail adresi, IP adresi) taray\u0131c\u0131n\u0131z taraf\u0131ndan Google\u2019a g\u00f6nderilir ve Google taraf\u0131ndan kaydedilir.<\/p>\t\t\t\t\t\t\t\t<\/div>\n\t\t\t\t<\/div>\n\t\t\t\t\t<\/div>\n\t\t\t\t<\/div>\n\t\t\t\t<\/div>","protected":false},"excerpt":{"rendered":"<p>Cookie Policy Cookies are small text files stored on your device or network server via browsers by websites you visit. SA\u00c7ANLAR may use these small text fragments, called Cookies, to improve system experience and ensure a more efficient usage. A cookie is a file stored on a user\u2019s hard drive containing information about the user. [&hellip;]<\/p>","protected":false},"author":1,"featured_media":0,"parent":0,"menu_order":0,"comment_status":"closed","ping_status":"closed","template":"","meta":{"footnotes":""},"class_list":["post-257","page","type-page","status-publish","hentry"],"_links":{"self":[{"href":"https:\/\/sacanlar.com\/tr\/wp-json\/wp\/v2\/pages\/257","targetHints":{"allow":["GET"]}}],"collection":[{"href":"https:\/\/sacanlar.com\/tr\/wp-json\/wp\/v2\/pages"}],"about":[{"href":"https:\/\/sacanlar.com\/tr\/wp-json\/wp\/v2\/types\/page"}],"author":[{"embeddable":true,"href":"https:\/\/sacanlar.com\/tr\/wp-json\/wp\/v2\/users\/1"}],"replies":[{"embeddable":true,"href":"https:\/\/sacanlar.com\/tr\/wp-json\/wp\/v2\/comments?post=257"}],"version-history":[{"count":7,"href":"https:\/\/sacanlar.com\/tr\/wp-json\/wp\/v2\/pages\/257\/revisions"}],"predecessor-version":[{"id":274,"href":"https:\/\/sacanlar.com\/tr\/wp-json\/wp\/v2\/pages\/257\/revisions\/274"}],"wp:attachment":[{"href":"https:\/\/sacanlar.com\/tr\/wp-json\/wp\/v2\/media?parent=257"}],"curies":[{"name":"wp","href":"https:\/\/api.w.org\/{rel}","templated":true}]}}