{"id":263,"date":"2025-04-14T09:08:38","date_gmt":"2025-04-14T06:08:38","guid":{"rendered":"https:\/\/sacanlar.com\/?page_id=263"},"modified":"2025-04-14T09:10:07","modified_gmt":"2025-04-14T06:10:07","slug":"explicit-consent-statement","status":"publish","type":"page","link":"https:\/\/sacanlar.com\/tr\/explicit-consent-statement\/","title":{"rendered":"A\u00e7\u0131k R\u0131za Metni"},"content":{"rendered":"<div data-elementor-type=\"wp-page\" data-elementor-id=\"263\" class=\"elementor elementor-263\" data-elementor-post-type=\"page\">\n\t\t\t\t<div class=\"elementor-element elementor-element-e54d648 e-flex e-con-boxed e-con e-parent\" data-id=\"e54d648\" data-element_type=\"container\">\n\t\t\t\t\t<div class=\"e-con-inner\">\n\t\t\t\t<div class=\"elementor-element elementor-element-566923e elementor-widget elementor-widget-text-editor\" data-id=\"566923e\" data-element_type=\"widget\" data-widget_type=\"text-editor.default\">\n\t\t\t\t<div class=\"elementor-widget-container\">\n\t\t\t\t\t\t\t\t\t<h4>A\u00e7\u0131k R\u0131za Metni<\/h4><p>Onay\u0131n\u0131z bulunmad\u0131\u011f\u0131 takdirde ki\u015fisel bilgilerinizi y\u00fcklemeyiniz.<\/p><p>\u015eirket, onay\u0131n\u0131z olmad\u0131\u011f\u0131 s\u00fcrece herhangi bir ki\u015fisel bilgilerinizi almayacakt\u0131r.<\/p><p>Ayd\u0131nlatma metninde detayl\u0131 olarak a\u00e7\u0131kland\u0131\u011f\u0131 \u00fczere, ki\u015fisel verilerinizin i\u015flenmesi i\u00e7in a\u00e7\u0131k r\u0131zan\u0131z\u0131n gerekti\u011fi ve\/veya size y\u00f6nelik ticari ileti\u015fim faaliyetlerinde bulunulabilmesi i\u00e7in ticari ileti\u015fim izninizin gerekti\u011fi hallerde, s\u00f6z konusu izin ya da a\u00e7\u0131k r\u0131zan\u0131z\u0131; yaz\u0131l\u0131 olarak verebilece\u011finiz gibi dijital ortamda da verebilirsiniz.<\/p><p>\u015e\u00f6yle ki; ayd\u0131nlatma metnini uygun bulmu\u015f iseniz, bilgilerinizin do\u011frulu\u011funu teyit ettikten sonra sizi bilgilendirece\u011fimiz i\u015flemleri (prosed\u00fcr\u00fcne ve tercihinize g\u00f6re) yapt\u0131\u011f\u0131n\u0131zda ilgili a\u00e7\u0131k r\u0131za\/ticari ileti\u015fim izni verme i\u015fleminiz tamamlanm\u0131\u015f olacakt\u0131r.<\/p><p>Sizler, bu metni onaylayarak;<\/p><ul><li>18 ve \u00fczeri ya\u015fta oldu\u011funuzu,<\/li><li>18 ya\u015f\u0131n\u0131n alt\u0131nda, ay\u0131rt etme g\u00fcc\u00fcn\u00fc haiz iseniz ve ebeveyninizin veya yasal temsilcinizin r\u0131zas\u0131n\u0131 ald\u0131\u011f\u0131n\u0131z\u0131,<\/li><li>SA\u00c7ANLAR taraf\u0131ndan iletilen \u201cAyd\u0131nlatma Metni\u201d ile ki\u015fisel verilerin i\u015flenmesine h\u00e2kim olan ilkeler, i\u015flenecek ki\u015fisel veriler, i\u015flenme ama\u00e7lar\u0131, aktar\u0131laca\u011f\u0131 ki\u015filer, toplanma y\u00f6ntemleri ve hukuki sebepleri, ki\u015fisel verilerin saklanmas\u0131, silinmesi, veri sorumlusunun kimli\u011fi ve sahip oldu\u011funuz haklar\u0131n ayr\u0131nt\u0131l\u0131 ve anla\u015f\u0131l\u0131r bi\u00e7imde anlat\u0131ld\u0131\u011f\u0131n\u0131,<\/li><li>\u015eirket\u2019in ve Veri Sorumlusu\u2019nun Ki\u015fisel Verilere ve Ki\u015fisel Verilerin Korunmas\u0131na \u0130li\u015fkin Bilgilendirme Metni ile Kanun kapsam\u0131nda yap\u0131lmas\u0131 gereken ayd\u0131nlatma y\u00fck\u00fcml\u00fcl\u00fc\u011f\u00fcn\u00fc yerine getirdi\u011fini kabul etmekte oldu\u011funuzu,<\/li><li>Bu kapsamda taraf\u0131m\u0131za sa\u011flam\u0131\u015f oldu\u011funuz ki\u015fisel verilerinizin Kanun\u2019a ve i\u015fbu Ki\u015fisel Verilere ve Ki\u015fisel Verilerin Korunmas\u0131na \u0130li\u015fkin Bilgilendirme Metni\u2019ne uygun bir \u015fekilde ve belirtilen ama\u00e7larla i\u015flenebilece\u011fini bilmekte, kabul etmekte, onay vermekte oldu\u011funuzu,<\/li><li>Bu metni okudu\u011funuzu, anlad\u0131\u011f\u0131n\u0131z\u0131, haklar\u0131n\u0131z\u0131n ve y\u00fck\u00fcml\u00fcl\u00fcklerinizin bilincinde oldu\u011funuzu beyan etmektesiniz.<\/li><\/ul><p>SA\u00c7ANLAR. ile payla\u015fm\u0131\u015f oldu\u011fum ki\u015fisel verilerimin (ad, soyad, e-posta adresi, cep telefonu numaras\u0131, kurum adresi, kurumsal telefon numaras\u0131, ba\u015fvuru nedeni, \u00fcyelik tipi)  SA\u00c7ANLAR hizmetlerinin yerine getirilmesini sa\u011flamak ama\u00e7lar\u0131yla SA\u00c7ANLAR ileti\u015fim arac\u0131l\u0131\u011f\u0131 ile ihtiya\u00e7\/sorun tan\u0131mlamas\u0131 yapan kullan\u0131c\u0131 ile \u00e7\u00f6z\u00fcm \u00f6nerisi getiren kullan\u0131c\u0131 aras\u0131nda e\u015fle\u015fme sa\u011fland\u0131\u011f\u0131 durumda yurt i\u00e7i ve yurtd\u0131\u015f\u0131nda bulunan taraflara aktar\u0131lmas\u0131na a\u00e7\u0131k bir \u015fekilde r\u0131za verdi\u011fimi kabul ve beyan ederim.<\/p><h4>Veri Sorumlusu<\/h4><p>Kanunun uygulanmas\u0131 ile ilgili haklar\u0131n\u0131za ili\u015fkin taleplerinizi Veri Sorumlusuna Ba\u015fvuru Usul ve Esaslar\u0131 Hakk\u0131nda Tebli\u011f uyar\u0131nca taraf\u0131m\u0131za iletebilirsiniz. Bilgi ve ba\u015fvuru taleplerinizi internet sitemizde yer alan ileti\u015fim adresimizdenveya yaz\u0131l\u0131 olarak SA\u00c7ANLAR\u2019nin \u201cAlsancak Mah. 1483 Sok. No: 39\/B Konak,\u0130zmir\u201d adresine elden veya posta yoluyla veya mail adresi olan info(et)sacanlar.com adresine iletebilirsiniz.<\/p><p><strong>Adres:<\/strong> Alsancak Mah. 1483 Sok. No: 39\/B Konak, \u0130zmir, Turkey<\/p><p class=\"translation-block\">Posta Adresi: info(et)sacanlar.com<\/p>\t\t\t\t\t\t\t\t<\/div>\n\t\t\t\t<\/div>\n\t\t\t\t\t<\/div>\n\t\t\t\t<\/div>\n\t\t\t\t<\/div>","protected":false},"excerpt":{"rendered":"<p>Explicit Consent Statement If you do not provide your consent, please do not upload your personal data. The Company will not collect any of your personal information without your explicit consent. As detailed in the Information Notice, in cases where your explicit consent is required for the processing of your personal data and\/or where your [&hellip;]<\/p>","protected":false},"author":1,"featured_media":0,"parent":0,"menu_order":0,"comment_status":"closed","ping_status":"closed","template":"","meta":{"footnotes":""},"class_list":["post-263","page","type-page","status-publish","hentry"],"_links":{"self":[{"href":"https:\/\/sacanlar.com\/tr\/wp-json\/wp\/v2\/pages\/263","targetHints":{"allow":["GET"]}}],"collection":[{"href":"https:\/\/sacanlar.com\/tr\/wp-json\/wp\/v2\/pages"}],"about":[{"href":"https:\/\/sacanlar.com\/tr\/wp-json\/wp\/v2\/types\/page"}],"author":[{"embeddable":true,"href":"https:\/\/sacanlar.com\/tr\/wp-json\/wp\/v2\/users\/1"}],"replies":[{"embeddable":true,"href":"https:\/\/sacanlar.com\/tr\/wp-json\/wp\/v2\/comments?post=263"}],"version-history":[{"count":7,"href":"https:\/\/sacanlar.com\/tr\/wp-json\/wp\/v2\/pages\/263\/revisions"}],"predecessor-version":[{"id":271,"href":"https:\/\/sacanlar.com\/tr\/wp-json\/wp\/v2\/pages\/263\/revisions\/271"}],"wp:attachment":[{"href":"https:\/\/sacanlar.com\/tr\/wp-json\/wp\/v2\/media?parent=263"}],"curies":[{"name":"wp","href":"https:\/\/api.w.org\/{rel}","templated":true}]}}