{"id":275,"date":"2025-04-14T09:10:56","date_gmt":"2025-04-14T06:10:56","guid":{"rendered":"https:\/\/sacanlar.com\/?page_id=275"},"modified":"2025-04-14T09:12:21","modified_gmt":"2025-04-14T06:12:21","slug":"head-office-company-information","status":"publish","type":"page","link":"https:\/\/sacanlar.com\/tr\/head-office-company-information\/","title":{"rendered":"Merkez \u015eirket Bilgileri"},"content":{"rendered":"<div data-elementor-type=\"wp-page\" data-elementor-id=\"275\" class=\"elementor elementor-275\" data-elementor-post-type=\"page\">\n\t\t\t\t<div class=\"elementor-element elementor-element-2e666b8 e-flex e-con-boxed e-con e-parent\" data-id=\"2e666b8\" data-element_type=\"container\">\n\t\t\t\t\t<div class=\"e-con-inner\">\n\t\t\t\t<div class=\"elementor-element elementor-element-228c4aa elementor-widget elementor-widget-text-editor\" data-id=\"228c4aa\" data-element_type=\"widget\" data-widget_type=\"text-editor.default\">\n\t\t\t\t<div class=\"elementor-widget-container\">\n\t\t\t\t\t\t\t\t\t<h4>Merkez \u015eirket Bilgileri<\/h4><p><strong>\u015eirket:<\/strong> SA\u00c7ANLAR<\/p><p><strong>T\u00fczel Ki\u015fi:<\/strong> US BRAINWORKS Inc. (US BRAINWORKS A.\u015e.)<\/p><p><strong>Vergi Dairesi:<\/strong> Kordon VD<\/p><p><strong>Vergi Numaras\u0131:<\/strong> 8940404491<\/p><p><strong>Adres:<\/strong><br \/>Rodoslu Apartment, No: 39\/B,<br \/>1483 Sokak, Alsancak Mah.,<br \/>Konak, \u0130zmir \/ T\u00fcrkiye<\/p><p><strong>Telefon Numaras\u0131:<\/strong> +90 232 502 02 04<br \/><strong>E - Posta 1:<\/strong> muhasebe(at)brainworks.global<br \/><strong>E - Posta 2:<\/strong> info(at)brainworks.global<\/p><p class=\"translation-block\"><em>Not:<\/em> Ar-Ge Merkezi, Teknopark ve \u015fubelerin resmi bilgileri i\u00e7in l\u00fctfen ileti\u015fime ge\u00e7iniz.<\/p>\t\t\t\t\t\t\t\t<\/div>\n\t\t\t\t<\/div>\n\t\t\t\t\t<\/div>\n\t\t\t\t<\/div>\n\t\t\t\t<\/div>","protected":false},"excerpt":{"rendered":"<p>Head Office Company Information Company Name: SA\u00c7ANLAR Legal Entity: US BRAINWORKS Inc. (US BRAINWORKS A.\u015e.) Tax Office: Kordon Tax Office Tax Number: 8940404491 Address:Rodoslu Apartment, No: 39\/B,1483 Street, Alsancak District,Konak, \u0130zmir \/ Turkey Phone: +90 232 502 02 04Email 1: muhasebe(at)brainworks.globalEmail 2: info(at)brainworks.global Note: For official information regarding our R&amp;D Center, Technopark locations, and branch [&hellip;]<\/p>","protected":false},"author":1,"featured_media":0,"parent":0,"menu_order":0,"comment_status":"closed","ping_status":"closed","template":"","meta":{"footnotes":""},"class_list":["post-275","page","type-page","status-publish","hentry"],"_links":{"self":[{"href":"https:\/\/sacanlar.com\/tr\/wp-json\/wp\/v2\/pages\/275","targetHints":{"allow":["GET"]}}],"collection":[{"href":"https:\/\/sacanlar.com\/tr\/wp-json\/wp\/v2\/pages"}],"about":[{"href":"https:\/\/sacanlar.com\/tr\/wp-json\/wp\/v2\/types\/page"}],"author":[{"embeddable":true,"href":"https:\/\/sacanlar.com\/tr\/wp-json\/wp\/v2\/users\/1"}],"replies":[{"embeddable":true,"href":"https:\/\/sacanlar.com\/tr\/wp-json\/wp\/v2\/comments?post=275"}],"version-history":[{"count":7,"href":"https:\/\/sacanlar.com\/tr\/wp-json\/wp\/v2\/pages\/275\/revisions"}],"predecessor-version":[{"id":286,"href":"https:\/\/sacanlar.com\/tr\/wp-json\/wp\/v2\/pages\/275\/revisions\/286"}],"wp:attachment":[{"href":"https:\/\/sacanlar.com\/tr\/wp-json\/wp\/v2\/media?parent=275"}],"curies":[{"name":"wp","href":"https:\/\/api.w.org\/{rel}","templated":true}]}}